{"id":2124,"date":"2023-04-27T22:08:19","date_gmt":"2023-04-27T22:08:19","guid":{"rendered":"https:\/\/reumatologiachuc.pt\/home\/?page_id=2124"},"modified":"2025-10-01T13:50:48","modified_gmt":"2025-10-01T13:50:48","slug":"eventos","status":"publish","type":"page","link":"https:\/\/reumatologiachuc.pt\/home\/eventos\/","title":{"rendered":"Eventos"},"content":{"rendered":"\t\t<div data-elementor-type=\"wp-page\" data-elementor-id=\"2124\" class=\"elementor elementor-2124\">\n\t\t\t\t\t\t<section class=\"elementor-section elementor-top-section elementor-element elementor-element-9e6615f elementor-section-boxed elementor-section-height-default elementor-section-height-default\" data-id=\"9e6615f\" data-element_type=\"section\" data-e-type=\"section\" data-settings=\"{&quot;background_background&quot;:&quot;classic&quot;}\">\n\t\t\t\t\t\t\t<div class=\"elementor-background-overlay\"><\/div>\n\t\t\t\t\t\t\t<div class=\"elementor-container elementor-column-gap-no\">\n\t\t\t\t\t<div class=\"elementor-column elementor-col-100 elementor-top-column elementor-element elementor-element-7998622\" data-id=\"7998622\" data-element_type=\"column\" data-e-type=\"column\">\n\t\t\t<div class=\"elementor-widget-wrap elementor-element-populated\">\n\t\t\t\t\t\t<div class=\"elementor-element elementor-element-5c52837 elementor-widget elementor-widget-heading\" data-id=\"5c52837\" data-element_type=\"widget\" data-e-type=\"widget\" data-widget_type=\"heading.default\">\n\t\t\t\t<div class=\"elementor-widget-container\">\n\t\t\t\t\t<h1 class=\"elementor-heading-title elementor-size-default\">Curso de Reumatologia<\/h1>\t\t\t\t<\/div>\n\t\t\t\t<\/div>\n\t\t\t\t<div class=\"elementor-element elementor-element-3e777e3 elementor-widget elementor-widget-heading\" data-id=\"3e777e3\" data-element_type=\"widget\" data-e-type=\"widget\" data-widget_type=\"heading.default\">\n\t\t\t\t<div class=\"elementor-widget-container\">\n\t\t\t\t\t<h3 class=\"elementor-heading-title elementor-size-default\">Ci\u00eancia na Pr\u00e1tica<\/h3>\t\t\t\t<\/div>\n\t\t\t\t<\/div>\n\t\t\t\t\t<\/div>\n\t\t<\/div>\n\t\t\t\t\t<\/div>\n\t\t<\/section>\n\t\t\t\t<section class=\"elementor-section elementor-top-section elementor-element elementor-element-dd3c07f elementor-section-boxed elementor-section-height-default elementor-section-height-default\" data-id=\"dd3c07f\" data-element_type=\"section\" data-e-type=\"section\" data-settings=\"{&quot;background_background&quot;:&quot;classic&quot;}\">\n\t\t\t\t\t\t<div class=\"elementor-container elementor-column-gap-default\">\n\t\t\t\t\t<div class=\"elementor-column elementor-col-100 elementor-top-column elementor-element elementor-element-65d9f50\" data-id=\"65d9f50\" data-element_type=\"column\" data-e-type=\"column\" data-settings=\"{&quot;background_background&quot;:&quot;classic&quot;}\">\n\t\t\t<div class=\"elementor-widget-wrap elementor-element-populated\">\n\t\t\t\t\t\t<section class=\"elementor-section elementor-inner-section elementor-element elementor-element-4753470 elementor-section-boxed elementor-section-height-default elementor-section-height-default\" data-id=\"4753470\" data-element_type=\"section\" data-e-type=\"section\">\n\t\t\t\t\t\t<div class=\"elementor-container elementor-column-gap-default\">\n\t\t\t\t\t<div class=\"elementor-column elementor-col-66 elementor-inner-column elementor-element elementor-element-8f11772\" data-id=\"8f11772\" data-element_type=\"column\" data-e-type=\"column\">\n\t\t\t<div class=\"elementor-widget-wrap elementor-element-populated\">\n\t\t\t\t\t\t<div class=\"elementor-element elementor-element-edcbf15 elementor-drop-cap-yes elementor-drop-cap-view-default elementor-widget elementor-widget-text-editor\" data-id=\"edcbf15\" data-element_type=\"widget\" data-e-type=\"widget\" data-settings=\"{&quot;drop_cap&quot;:&quot;yes&quot;}\" data-widget_type=\"text-editor.default\">\n\t\t\t\t<div class=\"elementor-widget-container\">\n\t\t\t\t\t\t\t\t\t<p>O <strong>Curso de Reumatologia &#8211; Ci\u00eancia na Pr\u00e1tica<\/strong>, realizado anualmente pela ARCo e pela CURE orgulha-se de ser a mais antiga realiza\u00e7\u00e3o cient\u00edfica regular dedicada \u00e0 Reumatologia em Portugal. Teve a sua primeira edi\u00e7\u00e3o em 1979, pela m\u00e3o do Senhor Professor Doutor Armando Lopes Porto. Por ele passaram, ao longo dos anos, as mais ilustres figuras da Reumatologia nacional e\u00a0 internacional, que assim contribu\u00edram para a forma\u00e7\u00e3o e atualiza\u00e7\u00e3o de gera\u00e7\u00f5es de Reumatologistas, M\u00e9dicos de Fam\u00edlia e outros especialistas envolvidos na presta\u00e7\u00e3o de cuidados a doentes reum\u00e1ticos. Temos tido, regularmente, a colabora\u00e7\u00e3o de associa\u00e7\u00f5es de doentes que nos ajudam a manter vivo o foco principal da iniciativa: servir o doente. Nos \u00faltimos anos, o Curso assumiu uma dedica\u00e7\u00e3o clara e expl\u00edcita \u00e0s necessidades formativas do M\u00e9dico de Fam\u00edlia, j\u00e1 que \u00e9 a esse n\u00edvel que se dirige, em primeiro lugar, a esmagadora maioria dos doentes com queixas do foro reumatol\u00f3gico. Podemos afirmar que os M\u00e9dicos que participam no nosso Curso d\u00e3o o seu tempo por bem empregue e se sentem compensados por participar num evento muito interativo, focado na tradu\u00e7\u00e3o da ci\u00eancia em medidas pr\u00e1ticas e na constru\u00e7\u00e3o interativa de uma estrat\u00e9gia de atua\u00e7\u00e3o pragm\u00e1tica mas bem fundamentada.\u00a0<\/p><p><span style=\"font-style: inherit; font-weight: inherit; color: var(--ast-global-color-3);\">Podemos afirm\u00e1-lo por ser este o <\/span><em style=\"font-weight: inherit; color: var(--ast-global-color-3);\">feedback<\/em><span style=\"font-style: inherit; font-weight: inherit; color: var(--ast-global-color-3);\">\u00a0que recebemos regularmente dos colegas de MGF que nos visitam. Podemos ainda afirm\u00e1-lo porque o programa \u00e9 desenhado com a colabora\u00e7\u00e3o de M\u00e9dicos de Fam\u00edlia, porque cada mesa \u00e9 co-dirigida por um M\u00e9dico de Fam\u00edlia. Podemos ainda reiter\u00e1-lo porque os casos cl\u00ednicos, cuja discuss\u00e3o constitui um dos pilares do Curso, s\u00e3o derivados da pr\u00e1tica corrente dos orientadores de forma\u00e7\u00e3o de internos de MGF que estagiaram connosco. O curso assenta num universo peculiar, de que nos orgulhamos especialmente, baseado na interatividade, nas estrat\u00e9gias inovadoras e provocat\u00f3rias de comunica\u00e7\u00e3o, na aprendizagem cooperativa.\u00a0\u00c9 com este esp\u00edrito que apelamos \u00e0 participa\u00e7\u00e3o dos M\u00e9dicos de Fam\u00edlia e das Unidades de Sa\u00fade Familiar, porque os consideramos elementos fundamentais para conseguir os nossos objetivos comuns: a dissemina\u00e7\u00e3o de boas pr\u00e1ticas de que resultar\u00e1 a oferta a todos os doentes reum\u00e1ticos da melhor abordagem poss\u00edvel \u00e0 luz da evid\u00eancia e dos recursos dispon\u00edveis. Venha trabalhar connosco uma vez! Estamos certos de que querer\u00e1 voltar.<\/span><\/p><p><span style=\"font-style: inherit; font-weight: inherit; color: var(--ast-global-color-3);\">Visite a plataforma de eventos que suporta o curso na sua vers\u00e3o online.<\/span><\/p><p><span style=\"font-style: inherit; font-weight: inherit; color: var(--ast-global-color-3);\">\u00a0<\/span><\/p><p>\u00a0<\/p>\t\t\t\t\t\t\t\t<\/div>\n\t\t\t\t<\/div>\n\t\t\t\t\t<\/div>\n\t\t<\/div>\n\t\t\t\t<div class=\"elementor-column elementor-col-33 elementor-inner-column elementor-element elementor-element-309df3a\" data-id=\"309df3a\" data-element_type=\"column\" data-e-type=\"column\">\n\t\t\t<div class=\"elementor-widget-wrap elementor-element-populated\">\n\t\t\t\t\t\t<div class=\"elementor-element elementor-element-a342c47 elementor-widget elementor-widget-heading\" data-id=\"a342c47\" data-element_type=\"widget\" data-e-type=\"widget\" data-widget_type=\"heading.default\">\n\t\t\t\t<div class=\"elementor-widget-container\">\n\t\t\t\t\t<h3 class=\"elementor-heading-title elementor-size-default\">Organiza\u00e7\u00e3o<\/h3>\t\t\t\t<\/div>\n\t\t\t\t<\/div>\n\t\t\t\t<div class=\"elementor-element elementor-element-0b7f812 elementor-widget elementor-widget-heading\" data-id=\"0b7f812\" data-element_type=\"widget\" data-e-type=\"widget\" data-widget_type=\"heading.default\">\n\t\t\t\t<div class=\"elementor-widget-container\">\n\t\t\t\t\t<h6 class=\"elementor-heading-title elementor-size-default\">ARCo. Associa\u00e7\u00e3o de Reumatologia de Coimbra\nServi\u00e7o de Reumatologia do CHUC<\/h6>\t\t\t\t<\/div>\n\t\t\t\t<\/div>\n\t\t\t\t<div class=\"elementor-element elementor-element-769a9fc elementor-widget elementor-widget-image\" data-id=\"769a9fc\" data-element_type=\"widget\" data-e-type=\"widget\" data-widget_type=\"image.default\">\n\t\t\t\t<div class=\"elementor-widget-container\">\n\t\t\t\t\t\t\t\t\t\t\t\t\t\t\t<img fetchpriority=\"high\" decoding=\"async\" width=\"250\" height=\"227\" src=\"https:\/\/reumatologiachuc.pt\/home\/wp-content\/uploads\/2023\/04\/logo-ARCo.png\" class=\"attachment-medium size-medium wp-image-2128\" alt=\"\" \/>\t\t\t\t\t\t\t\t\t\t\t\t\t\t\t<\/div>\n\t\t\t\t<\/div>\n\t\t\t\t<div class=\"elementor-element elementor-element-d07f02c elementor-widget elementor-widget-spacer\" data-id=\"d07f02c\" data-element_type=\"widget\" data-e-type=\"widget\" data-widget_type=\"spacer.default\">\n\t\t\t\t<div class=\"elementor-widget-container\">\n\t\t\t\t\t\t\t<div class=\"elementor-spacer\">\n\t\t\t<div class=\"elementor-spacer-inner\"><\/div>\n\t\t<\/div>\n\t\t\t\t\t\t<\/div>\n\t\t\t\t<\/div>\n\t\t\t\t<div class=\"elementor-element elementor-element-c77277b elementor-widget elementor-widget-image\" data-id=\"c77277b\" data-element_type=\"widget\" data-e-type=\"widget\" data-widget_type=\"image.default\">\n\t\t\t\t<div class=\"elementor-widget-container\">\n\t\t\t\t\t\t\t\t\t\t\t\t\t\t\t\t<a href=\"https:\/\/reumatologiachuc.pt\/home\/wp-content\/uploads\/2023\/05\/Auditorio.jpg\" data-elementor-open-lightbox=\"yes\" data-elementor-lightbox-title=\"Primeira edi\u00e7\u00e3o do Curso de Reumatologia - Ci\u00eancia na Pr\u00e1tica\" data-e-action-hash=\"#elementor-action%3Aaction%3Dlightbox%26settings%3DeyJpZCI6MjU0NCwidXJsIjoiaHR0cHM6XC9cL3JldW1hdG9sb2dpYWNodWMucHRcL2hvbWVcL3dwLWNvbnRlbnRcL3VwbG9hZHNcLzIwMjNcLzA1XC9BdWRpdG9yaW8uanBnIn0%3D\">\n\t\t\t\t\t\t\t<img decoding=\"async\" width=\"870\" height=\"580\" src=\"https:\/\/reumatologiachuc.pt\/home\/wp-content\/uploads\/2023\/05\/Auditorio.jpg\" class=\"attachment-large size-large wp-image-2544\" alt=\"\" srcset=\"https:\/\/reumatologiachuc.pt\/home\/wp-content\/uploads\/2023\/05\/Auditorio.jpg 870w, https:\/\/reumatologiachuc.pt\/home\/wp-content\/uploads\/2023\/05\/Auditorio-300x200.jpg 300w, https:\/\/reumatologiachuc.pt\/home\/wp-content\/uploads\/2023\/05\/Auditorio-768x512.jpg 768w\" sizes=\"(max-width: 870px) 100vw, 870px\" \/>\t\t\t\t\t\t\t\t<\/a>\n\t\t\t\t\t\t\t\t\t\t\t\t\t\t\t<\/div>\n\t\t\t\t<\/div>\n\t\t\t\t\t<\/div>\n\t\t<\/div>\n\t\t\t\t\t<\/div>\n\t\t<\/section>\n\t\t\t\t<div class=\"elementor-element elementor-element-575a0de elementor-align-center elementor-widget elementor-widget-button\" data-id=\"575a0de\" data-element_type=\"widget\" data-e-type=\"widget\" data-widget_type=\"button.default\">\n\t\t\t\t<div class=\"elementor-widget-container\">\n\t\t\t\t\t\t\t\t\t<div class=\"elementor-button-wrapper\">\n\t\t\t\t\t<a class=\"elementor-button elementor-button-link elementor-size-sm\" href=\"https:\/\/reumatologiachuc.pt\/eventos\/\">\n\t\t\t\t\t\t<span class=\"elementor-button-content-wrapper\">\n\t\t\t\t\t\t<span class=\"elementor-button-icon\">\n\t\t\t\t<i aria-hidden=\"true\" class=\"fas fa-arrow-right\"><\/i>\t\t\t<\/span>\n\t\t\t\t\t\t\t\t\t<span class=\"elementor-button-text\">Clique para ver<\/span>\n\t\t\t\t\t<\/span>\n\t\t\t\t\t<\/a>\n\t\t\t\t<\/div>\n\t\t\t\t\t\t\t\t<\/div>\n\t\t\t\t<\/div>\n\t\t\t\t<div class=\"elementor-element elementor-element-f5e889c elementor-widget elementor-widget-spacer\" data-id=\"f5e889c\" data-element_type=\"widget\" data-e-type=\"widget\" data-widget_type=\"spacer.default\">\n\t\t\t\t<div class=\"elementor-widget-container\">\n\t\t\t\t\t\t\t<div class=\"elementor-spacer\">\n\t\t\t<div class=\"elementor-spacer-inner\"><\/div>\n\t\t<\/div>\n\t\t\t\t\t\t<\/div>\n\t\t\t\t<\/div>\n\t\t\t\t\t<\/div>\n\t\t<\/div>\n\t\t\t\t\t<\/div>\n\t\t<\/section>\n\t\t\t\t<section class=\"elementor-section elementor-top-section elementor-element elementor-element-24bfe7a elementor-section-boxed elementor-section-height-default elementor-section-height-default\" data-id=\"24bfe7a\" data-element_type=\"section\" data-e-type=\"section\">\n\t\t\t\t\t\t<div class=\"elementor-container elementor-column-gap-default\">\n\t\t\t\t\t<div class=\"elementor-column elementor-col-100 elementor-top-column elementor-element elementor-element-79cfbe2\" data-id=\"79cfbe2\" data-element_type=\"column\" data-e-type=\"column\">\n\t\t\t<div class=\"elementor-widget-wrap elementor-element-populated\">\n\t\t\t\t\t\t<div class=\"elementor-element elementor-element-a0f328b elementor-widget elementor-widget-spacer\" data-id=\"a0f328b\" data-element_type=\"widget\" data-e-type=\"widget\" data-widget_type=\"spacer.default\">\n\t\t\t\t<div class=\"elementor-widget-container\">\n\t\t\t\t\t\t\t<div class=\"elementor-spacer\">\n\t\t\t<div class=\"elementor-spacer-inner\"><\/div>\n\t\t<\/div>\n\t\t\t\t\t\t<\/div>\n\t\t\t\t<\/div>\n\t\t\t\t\t<\/div>\n\t\t<\/div>\n\t\t\t\t\t<\/div>\n\t\t<\/section>\n\t\t\t\t<\/div>\n\t\t","protected":false},"excerpt":{"rendered":"<p>Curso de Reumatologia Ci\u00eancia na Pr\u00e1tica O Curso de Reumatologia &#8211; Ci\u00eancia na Pr\u00e1tica, realizado anualmente pela ARCo e pela [&hellip;]<\/p>\n","protected":false},"author":1,"featured_media":0,"parent":0,"menu_order":0,"comment_status":"closed","ping_status":"closed","template":"","meta":{"site-sidebar-layout":"no-sidebar","site-content-layout":"page-builder","ast-site-content-layout":"full-width-container","site-content-style":"unboxed","site-sidebar-style":"unboxed","ast-global-header-display":"","ast-banner-title-visibility":"","ast-main-header-display":"","ast-hfb-above-header-display":"","ast-hfb-below-header-display":"","ast-hfb-mobile-header-display":"","site-post-title":"disabled","ast-breadcrumbs-content":"","ast-featured-img":"disabled","footer-sml-layout":"","ast-disable-related-posts":"","theme-transparent-header-meta":"","adv-header-id-meta":"","stick-header-meta":"","header-above-stick-meta":"","header-main-stick-meta":"","header-below-stick-meta":"","astra-migrate-meta-layouts":"set","ast-page-background-enabled":"default","ast-page-background-meta":{"desktop":{"background-color":"","background-image":"","background-repeat":"repeat","background-position":"center center","background-size":"auto","background-attachment":"scroll","background-type":"","background-media":"","overlay-type":"","overlay-color":"","overlay-opacity":"","overlay-gradient":""},"tablet":{"background-color":"","background-image":"","background-repeat":"repeat","background-position":"center center","background-size":"auto","background-attachment":"scroll","background-type":"","background-media":"","overlay-type":"","overlay-color":"","overlay-opacity":"","overlay-gradient":""},"mobile":{"background-color":"","background-image":"","background-repeat":"repeat","background-position":"center center","background-size":"auto","background-attachment":"scroll","background-type":"","background-media":"","overlay-type":"","overlay-color":"","overlay-opacity":"","overlay-gradient":""}},"ast-content-background-meta":{"desktop":{"background-color":"var(--ast-global-color-5)","background-image":"","background-repeat":"repeat","background-position":"center center","background-size":"auto","background-attachment":"scroll","background-type":"","background-media":"","overlay-type":"","overlay-color":"","overlay-opacity":"","overlay-gradient":""},"tablet":{"background-color":"var(--ast-global-color-5)","background-image":"","background-repeat":"repeat","background-position":"center center","background-size":"auto","background-attachment":"scroll","background-type":"","background-media":"","overlay-type":"","overlay-color":"","overlay-opacity":"","overlay-gradient":""},"mobile":{"background-color":"var(--ast-global-color-5)","background-image":"","background-repeat":"repeat","background-position":"center center","background-size":"auto","background-attachment":"scroll","background-type":"","background-media":"","overlay-type":"","overlay-color":"","overlay-opacity":"","overlay-gradient":""}},"footnotes":""},"class_list":["post-2124","page","type-page","status-publish","hentry"],"aioseo_notices":[],"_links":{"self":[{"href":"https:\/\/reumatologiachuc.pt\/home\/wp-json\/wp\/v2\/pages\/2124","targetHints":{"allow":["GET"]}}],"collection":[{"href":"https:\/\/reumatologiachuc.pt\/home\/wp-json\/wp\/v2\/pages"}],"about":[{"href":"https:\/\/reumatologiachuc.pt\/home\/wp-json\/wp\/v2\/types\/page"}],"author":[{"embeddable":true,"href":"https:\/\/reumatologiachuc.pt\/home\/wp-json\/wp\/v2\/users\/1"}],"replies":[{"embeddable":true,"href":"https:\/\/reumatologiachuc.pt\/home\/wp-json\/wp\/v2\/comments?post=2124"}],"version-history":[{"count":3,"href":"https:\/\/reumatologiachuc.pt\/home\/wp-json\/wp\/v2\/pages\/2124\/revisions"}],"predecessor-version":[{"id":3752,"href":"https:\/\/reumatologiachuc.pt\/home\/wp-json\/wp\/v2\/pages\/2124\/revisions\/3752"}],"wp:attachment":[{"href":"https:\/\/reumatologiachuc.pt\/home\/wp-json\/wp\/v2\/media?parent=2124"}],"curies":[{"name":"wp","href":"https:\/\/api.w.org\/{rel}","templated":true}]}}